{"id":21,"date":"2023-09-18T23:38:19","date_gmt":"2023-09-18T23:38:19","guid":{"rendered":"https:\/\/mac-group.com.mx\/?page_id=21"},"modified":"2023-09-19T05:37:23","modified_gmt":"2023-09-19T05:37:23","slug":"contacto","status":"publish","type":"page","link":"https:\/\/mac-group.com.mx\/index.php\/contacto\/","title":{"rendered":"Contacto"},"content":{"rendered":"\n<p>Puedes ponerte en contacto con nosotros para una atenci\u00f3n personalizada.<\/p>\n\n\n\n<p>Telefonos: 222 449 6506 \/ 228 270 7111<\/p>\n\n\n\n<p>Correo: contacto@mac-group.com.mx<\/p>\n\n\n\n<div class=\"wp-block-columns is-layout-flex wp-container-core-columns-is-layout-9d6595d7 wp-block-columns-is-layout-flex\">\n<div class=\"wp-block-column is-layout-flow wp-block-column-is-layout-flow\" style=\"flex-basis:100%\">\n<div class=\"wp-block-group\"><div class=\"wp-block-group__inner-container is-layout-constrained wp-block-group-is-layout-constrained\">\n<div class=\"wp-block-columns is-layout-flex wp-container-core-columns-is-layout-9d6595d7 wp-block-columns-is-layout-flex\">\n<div class=\"wp-block-column is-layout-flow wp-block-column-is-layout-flow\" style=\"flex-basis:50%\">\n<div class=\"wp-block-group is-nowrap is-layout-flex wp-container-core-group-is-layout-ad2f72ca wp-block-group-is-layout-flex\">\n<div class=\"wp-block-columns are-vertically-aligned-center is-layout-flex wp-container-core-columns-is-layout-9d6595d7 wp-block-columns-is-layout-flex\">\n<div class=\"wp-block-column is-vertically-aligned-center is-layout-flow wp-block-column-is-layout-flow\" style=\"flex-basis:100%\">\n<div class=\"wp-block-group\"><div class=\"wp-block-group__inner-container is-layout-constrained wp-block-group-is-layout-constrained\">\n<div class=\"wp-block-contact-form-7-contact-form-selector\">\n<div class=\"wpcf7 no-js\" id=\"wpcf7-f5-o1\" lang=\"es-MX\" dir=\"ltr\">\n<div class=\"screen-reader-response\"><p role=\"status\" aria-live=\"polite\" aria-atomic=\"true\"><\/p> <ul><\/ul><\/div>\n<form action=\"\/index.php\/wp-json\/wp\/v2\/pages\/21#wpcf7-f5-o1\" method=\"post\" class=\"wpcf7-form init\" aria-label=\"Formulario de contacto\" novalidate=\"novalidate\" data-status=\"init\">\n<div style=\"display: none;\">\n<input type=\"hidden\" name=\"_wpcf7\" value=\"5\" \/>\n<input type=\"hidden\" name=\"_wpcf7_version\" value=\"5.8\" \/>\n<input type=\"hidden\" name=\"_wpcf7_locale\" value=\"es_MX\" \/>\n<input type=\"hidden\" name=\"_wpcf7_unit_tag\" value=\"wpcf7-f5-o1\" \/>\n<input type=\"hidden\" name=\"_wpcf7_container_post\" value=\"0\" \/>\n<input type=\"hidden\" name=\"_wpcf7_posted_data_hash\" value=\"\" \/>\n<\/div>\n<p><label> Tu nombre<br \/>\n<span class=\"wpcf7-form-control-wrap\" data-name=\"your-name\"><input size=\"40\" class=\"wpcf7-form-control wpcf7-text wpcf7-validates-as-required\" autocomplete=\"name\" aria-required=\"true\" aria-invalid=\"false\" value=\"\" type=\"text\" name=\"your-name\" \/><\/span> <\/label>\n<\/p>\n<p><label> Tu correo electr\u00f3nico<br \/>\n<span class=\"wpcf7-form-control-wrap\" data-name=\"your-email\"><input size=\"40\" class=\"wpcf7-form-control wpcf7-email wpcf7-validates-as-required wpcf7-text wpcf7-validates-as-email\" autocomplete=\"email\" aria-required=\"true\" aria-invalid=\"false\" value=\"\" type=\"email\" name=\"your-email\" \/><\/span> <\/label>\n<\/p>\n<p><label> Asunto<br \/>\n<span class=\"wpcf7-form-control-wrap\" data-name=\"your-subject\"><input size=\"40\" class=\"wpcf7-form-control wpcf7-text wpcf7-validates-as-required\" aria-required=\"true\" aria-invalid=\"false\" value=\"\" type=\"text\" name=\"your-subject\" \/><\/span> <\/label>\n<\/p>\n<p><label> Tu mensaje (opcional)<br \/>\n<span class=\"wpcf7-form-control-wrap\" data-name=\"your-message\"><textarea cols=\"40\" rows=\"10\" class=\"wpcf7-form-control wpcf7-textarea\" aria-invalid=\"false\" name=\"your-message\"><\/textarea><\/span> <\/label>\n<\/p>\n<p><input class=\"wpcf7-form-control wpcf7-submit has-spinner\" type=\"submit\" value=\"Enviar\" \/>\n<\/p><div class=\"wpcf7-response-output\" aria-hidden=\"true\"><\/div>\n<\/form>\n<\/div>\n<\/div>\n\n\n\n<p><strong>Direcci\u00f3n<\/strong><br>Calle Cuauht\u00e9moc #60, Colonia Tlaxcalancingo, San Andr\u00e9s Cholula, Puebla, M\u00e9xico. C.P. 72828<\/p>\n\n\n\n<p><\/p>\n\n\n\n<p><strong>Horas<\/strong><br>Lunes a viernes: de 9:00AM a 5:00PM<br>S\u00e1bado y domingo: 11:00AM a 3:00PM<\/p>\n<\/div><\/div>\n<\/div>\n<\/div>\n<\/div>\n<\/div>\n<\/div>\n<\/div><\/div>\n<\/div>\n<\/div>\n","protected":false},"excerpt":{"rendered":"<p>Puedes ponerte en contacto con nosotros para una atenci\u00f3n personalizada. Telefonos: 222 449 6506 \/ 228 270 7111 Correo: contacto@mac-group.com.mx Direcci\u00f3nCalle Cuauht\u00e9moc #60, Colonia Tlaxcalancingo, San Andr\u00e9s Cholula, Puebla, M\u00e9xico. C.P. 72828 HorasLunes a viernes: de 9:00AM a 5:00PMS\u00e1bado y domingo: 11:00AM a 3:00PM<\/p>\n","protected":false},"author":1,"featured_media":86,"parent":0,"menu_order":0,"comment_status":"closed","ping_status":"closed","template":"","meta":{"footnotes":""},"class_list":["post-21","page","type-page","status-publish","has-post-thumbnail","hentry"],"yoast_head":"<!-- This site is optimized with the Yoast SEO plugin v21.1 - https:\/\/yoast.com\/wordpress\/plugins\/seo\/ -->\n<title>Contacto - MAC-group<\/title>\n<meta name=\"robots\" content=\"index, follow, max-snippet:-1, max-image-preview:large, max-video-preview:-1\" \/>\n<link rel=\"canonical\" href=\"https:\/\/mac-group.com.mx\/index.php\/contacto\/\" \/>\n<meta property=\"og:locale\" content=\"es_MX\" \/>\n<meta property=\"og:type\" content=\"article\" \/>\n<meta property=\"og:title\" content=\"Contacto - MAC-group\" \/>\n<meta property=\"og:description\" content=\"Puedes ponerte en contacto con nosotros para una atenci\u00f3n personalizada. Telefonos: 222 449 6506 \/ 228 270 7111 Correo: contacto@mac-group.com.mx Direcci\u00f3nCalle Cuauht\u00e9moc #60, Colonia Tlaxcalancingo, San Andr\u00e9s Cholula, Puebla, M\u00e9xico. C.P. 72828 HorasLunes a viernes: de 9:00AM a 5:00PMS\u00e1bado y domingo: 11:00AM a 3:00PM\" \/>\n<meta property=\"og:url\" content=\"https:\/\/mac-group.com.mx\/index.php\/contacto\/\" \/>\n<meta property=\"og:site_name\" content=\"MAC-group\" \/>\n<meta property=\"article:modified_time\" content=\"2023-09-19T05:37:23+00:00\" \/>\n<meta property=\"og:image\" content=\"https:\/\/mac-group.com.mx\/wp-content\/uploads\/2023\/09\/IMG_20201119_160846-scaled.jpg\" \/>\n\t<meta property=\"og:image:width\" content=\"2560\" \/>\n\t<meta property=\"og:image:height\" content=\"1920\" \/>\n\t<meta property=\"og:image:type\" content=\"image\/jpeg\" \/>\n<meta name=\"twitter:card\" content=\"summary_large_image\" \/>\n<meta name=\"twitter:label1\" content=\"Tiempo de lectura\" \/>\n\t<meta name=\"twitter:data1\" content=\"1 minuto\" \/>\n<script type=\"application\/ld+json\" class=\"yoast-schema-graph\">{\"@context\":\"https:\/\/schema.org\",\"@graph\":[{\"@type\":\"WebPage\",\"@id\":\"https:\/\/mac-group.com.mx\/index.php\/contacto\/\",\"url\":\"https:\/\/mac-group.com.mx\/index.php\/contacto\/\",\"name\":\"Contacto - MAC-group\",\"isPartOf\":{\"@id\":\"https:\/\/mac-group.com.mx\/#website\"},\"datePublished\":\"2023-09-18T23:38:19+00:00\",\"dateModified\":\"2023-09-19T05:37:23+00:00\",\"breadcrumb\":{\"@id\":\"https:\/\/mac-group.com.mx\/index.php\/contacto\/#breadcrumb\"},\"inLanguage\":\"es\",\"potentialAction\":[{\"@type\":\"ReadAction\",\"target\":[\"https:\/\/mac-group.com.mx\/index.php\/contacto\/\"]}]},{\"@type\":\"BreadcrumbList\",\"@id\":\"https:\/\/mac-group.com.mx\/index.php\/contacto\/#breadcrumb\",\"itemListElement\":[{\"@type\":\"ListItem\",\"position\":1,\"name\":\"Inicio\",\"item\":\"https:\/\/mac-group.com.mx\/\"},{\"@type\":\"ListItem\",\"position\":2,\"name\":\"Contacto\"}]},{\"@type\":\"WebSite\",\"@id\":\"https:\/\/mac-group.com.mx\/#website\",\"url\":\"https:\/\/mac-group.com.mx\/\",\"name\":\"MAC-group\",\"description\":\"FABRICACI\u00d3N Y CONSTRUCCI\u00d3N\",\"publisher\":{\"@id\":\"https:\/\/mac-group.com.mx\/#organization\"},\"potentialAction\":[{\"@type\":\"SearchAction\",\"target\":{\"@type\":\"EntryPoint\",\"urlTemplate\":\"https:\/\/mac-group.com.mx\/?s={search_term_string}\"},\"query-input\":\"required name=search_term_string\"}],\"inLanguage\":\"es\"},{\"@type\":\"Organization\",\"@id\":\"https:\/\/mac-group.com.mx\/#organization\",\"name\":\"MAC-group\",\"url\":\"https:\/\/mac-group.com.mx\/\",\"logo\":{\"@type\":\"ImageObject\",\"inLanguage\":\"es\",\"@id\":\"https:\/\/mac-group.com.mx\/#\/schema\/logo\/image\/\",\"url\":\"https:\/\/mac-group.com.mx\/wp-content\/uploads\/2023\/09\/cropped-icono.png\",\"contentUrl\":\"https:\/\/mac-group.com.mx\/wp-content\/uploads\/2023\/09\/cropped-icono.png\",\"width\":476,\"height\":250,\"caption\":\"MAC-group\"},\"image\":{\"@id\":\"https:\/\/mac-group.com.mx\/#\/schema\/logo\/image\/\"}}]}<\/script>\n<!-- \/ Yoast SEO plugin. -->","yoast_head_json":{"title":"Contacto - MAC-group","robots":{"index":"index","follow":"follow","max-snippet":"max-snippet:-1","max-image-preview":"max-image-preview:large","max-video-preview":"max-video-preview:-1"},"canonical":"https:\/\/mac-group.com.mx\/index.php\/contacto\/","og_locale":"es_MX","og_type":"article","og_title":"Contacto - MAC-group","og_description":"Puedes ponerte en contacto con nosotros para una atenci\u00f3n personalizada. Telefonos: 222 449 6506 \/ 228 270 7111 Correo: contacto@mac-group.com.mx Direcci\u00f3nCalle Cuauht\u00e9moc #60, Colonia Tlaxcalancingo, San Andr\u00e9s Cholula, Puebla, M\u00e9xico. C.P. 72828 HorasLunes a viernes: de 9:00AM a 5:00PMS\u00e1bado y domingo: 11:00AM a 3:00PM","og_url":"https:\/\/mac-group.com.mx\/index.php\/contacto\/","og_site_name":"MAC-group","article_modified_time":"2023-09-19T05:37:23+00:00","og_image":[{"width":2560,"height":1920,"url":"https:\/\/mac-group.com.mx\/wp-content\/uploads\/2023\/09\/IMG_20201119_160846-scaled.jpg","type":"image\/jpeg"}],"twitter_card":"summary_large_image","twitter_misc":{"Tiempo de lectura":"1 minuto"},"schema":{"@context":"https:\/\/schema.org","@graph":[{"@type":"WebPage","@id":"https:\/\/mac-group.com.mx\/index.php\/contacto\/","url":"https:\/\/mac-group.com.mx\/index.php\/contacto\/","name":"Contacto - MAC-group","isPartOf":{"@id":"https:\/\/mac-group.com.mx\/#website"},"datePublished":"2023-09-18T23:38:19+00:00","dateModified":"2023-09-19T05:37:23+00:00","breadcrumb":{"@id":"https:\/\/mac-group.com.mx\/index.php\/contacto\/#breadcrumb"},"inLanguage":"es","potentialAction":[{"@type":"ReadAction","target":["https:\/\/mac-group.com.mx\/index.php\/contacto\/"]}]},{"@type":"BreadcrumbList","@id":"https:\/\/mac-group.com.mx\/index.php\/contacto\/#breadcrumb","itemListElement":[{"@type":"ListItem","position":1,"name":"Inicio","item":"https:\/\/mac-group.com.mx\/"},{"@type":"ListItem","position":2,"name":"Contacto"}]},{"@type":"WebSite","@id":"https:\/\/mac-group.com.mx\/#website","url":"https:\/\/mac-group.com.mx\/","name":"MAC-group","description":"FABRICACI\u00d3N Y CONSTRUCCI\u00d3N","publisher":{"@id":"https:\/\/mac-group.com.mx\/#organization"},"potentialAction":[{"@type":"SearchAction","target":{"@type":"EntryPoint","urlTemplate":"https:\/\/mac-group.com.mx\/?s={search_term_string}"},"query-input":"required name=search_term_string"}],"inLanguage":"es"},{"@type":"Organization","@id":"https:\/\/mac-group.com.mx\/#organization","name":"MAC-group","url":"https:\/\/mac-group.com.mx\/","logo":{"@type":"ImageObject","inLanguage":"es","@id":"https:\/\/mac-group.com.mx\/#\/schema\/logo\/image\/","url":"https:\/\/mac-group.com.mx\/wp-content\/uploads\/2023\/09\/cropped-icono.png","contentUrl":"https:\/\/mac-group.com.mx\/wp-content\/uploads\/2023\/09\/cropped-icono.png","width":476,"height":250,"caption":"MAC-group"},"image":{"@id":"https:\/\/mac-group.com.mx\/#\/schema\/logo\/image\/"}}]}},"_links":{"self":[{"href":"https:\/\/mac-group.com.mx\/index.php\/wp-json\/wp\/v2\/pages\/21","targetHints":{"allow":["GET"]}}],"collection":[{"href":"https:\/\/mac-group.com.mx\/index.php\/wp-json\/wp\/v2\/pages"}],"about":[{"href":"https:\/\/mac-group.com.mx\/index.php\/wp-json\/wp\/v2\/types\/page"}],"author":[{"embeddable":true,"href":"https:\/\/mac-group.com.mx\/index.php\/wp-json\/wp\/v2\/users\/1"}],"replies":[{"embeddable":true,"href":"https:\/\/mac-group.com.mx\/index.php\/wp-json\/wp\/v2\/comments?post=21"}],"version-history":[{"count":7,"href":"https:\/\/mac-group.com.mx\/index.php\/wp-json\/wp\/v2\/pages\/21\/revisions"}],"predecessor-version":[{"id":93,"href":"https:\/\/mac-group.com.mx\/index.php\/wp-json\/wp\/v2\/pages\/21\/revisions\/93"}],"wp:featuredmedia":[{"embeddable":true,"href":"https:\/\/mac-group.com.mx\/index.php\/wp-json\/wp\/v2\/media\/86"}],"wp:attachment":[{"href":"https:\/\/mac-group.com.mx\/index.php\/wp-json\/wp\/v2\/media?parent=21"}],"curies":[{"name":"wp","href":"https:\/\/api.w.org\/{rel}","templated":true}]}}