{"id":20,"date":"2023-09-16T15:09:19","date_gmt":"2023-09-16T15:09:19","guid":{"rendered":"https:\/\/mac-group.com.mx\/?page_id=20"},"modified":"2023-09-18T14:49:23","modified_gmt":"2023-09-18T14:49:23","slug":"acerca-de","status":"publish","type":"page","link":"https:\/\/mac-group.com.mx\/index.php\/acerca-de\/","title":{"rendered":"Fabricaci\u00f3n"},"content":{"rendered":"\t\t<div data-elementor-type=\"wp-page\" data-elementor-id=\"20\" class=\"elementor elementor-20\">\n\t\t\t\t\t\t\t<div class=\"elementor-element elementor-element-37c0ec8a e-flex e-con-boxed e-con e-parent\" data-id=\"37c0ec8a\" data-element_type=\"container\" data-settings=\"{&quot;content_width&quot;:&quot;boxed&quot;}\" data-core-v316-plus=\"true\">\n\t\t\t\t\t<div class=\"e-con-inner\">\n\t\t\t\t<div class=\"elementor-element elementor-element-68de5e6d elementor-widget elementor-widget-text-editor\" data-id=\"68de5e6d\" data-element_type=\"widget\" data-widget_type=\"text-editor.default\">\n\t\t\t\t<div class=\"elementor-widget-container\">\n\t\t\t<style>\/*! elementor - v3.16.0 - 14-09-2023 *\/\n.elementor-widget-text-editor.elementor-drop-cap-view-stacked .elementor-drop-cap{background-color:#69727d;color:#fff}.elementor-widget-text-editor.elementor-drop-cap-view-framed .elementor-drop-cap{color:#69727d;border:3px solid;background-color:transparent}.elementor-widget-text-editor:not(.elementor-drop-cap-view-default) .elementor-drop-cap{margin-top:8px}.elementor-widget-text-editor:not(.elementor-drop-cap-view-default) .elementor-drop-cap-letter{width:1em;height:1em}.elementor-widget-text-editor .elementor-drop-cap{float:left;text-align:center;line-height:1;font-size:50px}.elementor-widget-text-editor .elementor-drop-cap-letter{display:inline-block}<\/style>\t\t\t\t<p><!-- wp:paragraph --><\/p>\n<p>Nuestra experiencia nos permite apoyarte en el desarrollo de tus proyectos, que inicia desde la realizaci\u00f3n de dibujos de fabricaci\u00f3n, la selecci\u00f3n de equipos y materiales, manufactura, puesta en marcha y supervisi\u00f3n del equipo.<\/p>\n<p><!-- \/wp:paragraph --><\/p>\n<p><!-- wp:paragraph --><\/p>\n<p>Realizamos montajes mec\u00e1nicos de estructuras, acabados superficiales, sistemas hidr\u00e1ulicos y neum\u00e1ticos.<\/p>\n<p><!-- \/wp:paragraph --><\/p>\n<p><!-- wp:paragraph --><\/p>\n<p>Nuestro equipo cuanta con la capacidad de realizar montajes el\u00e9ctricos de media y baja tensi\u00f3n para la industria en general y residenciales.<\/p>\n<p><!-- \/wp:paragraph --><\/p>\t\t\t\t\t\t<\/div>\n\t\t\t\t<\/div>\n\t\t\t\t\t<\/div>\n\t\t\t\t<\/div>\n\t\t\t\t\t\t\t<\/div>\n\t\t","protected":false},"excerpt":{"rendered":"<p>Nuestra experiencia nos permite apoyarte en el desarrollo de tus proyectos, que inicia desde la realizaci\u00f3n de dibujos de fabricaci\u00f3n, la selecci\u00f3n de equipos y materiales, manufactura, puesta en marcha y supervisi\u00f3n del equipo. Realizamos montajes mec\u00e1nicos de estructuras, acabados superficiales, sistemas hidr\u00e1ulicos y neum\u00e1ticos. Nuestro equipo cuanta con la capacidad de realizar montajes el\u00e9ctricos &hellip; <\/p>\n<p class=\"link-more\"><a href=\"https:\/\/mac-group.com.mx\/index.php\/acerca-de\/\" class=\"more-link\">Continuar leyendo<span class=\"screen-reader-text\"> &#8220;Fabricaci\u00f3n&#8221;<\/span><\/a><\/p>\n","protected":false},"author":1,"featured_media":77,"parent":0,"menu_order":0,"comment_status":"closed","ping_status":"closed","template":"","meta":{"footnotes":""},"class_list":["post-20","page","type-page","status-publish","has-post-thumbnail","hentry"],"yoast_head":"<!-- This site is optimized with the Yoast SEO plugin v21.1 - https:\/\/yoast.com\/wordpress\/plugins\/seo\/ -->\n<title>Fabricaci\u00f3n - MAC-group<\/title>\n<meta name=\"robots\" content=\"index, follow, max-snippet:-1, max-image-preview:large, max-video-preview:-1\" \/>\n<link rel=\"canonical\" href=\"https:\/\/mac-group.com.mx\/index.php\/acerca-de\/\" \/>\n<meta property=\"og:locale\" content=\"es_MX\" \/>\n<meta property=\"og:type\" content=\"article\" \/>\n<meta property=\"og:title\" content=\"Fabricaci\u00f3n - MAC-group\" \/>\n<meta property=\"og:description\" content=\"Nuestra experiencia nos permite apoyarte en el desarrollo de tus proyectos, que inicia desde la realizaci\u00f3n de dibujos de fabricaci\u00f3n, la selecci\u00f3n de equipos y materiales, manufactura, puesta en marcha y supervisi\u00f3n del equipo. Realizamos montajes mec\u00e1nicos de estructuras, acabados superficiales, sistemas hidr\u00e1ulicos y neum\u00e1ticos. Nuestro equipo cuanta con la capacidad de realizar montajes el\u00e9ctricos &hellip; Continuar leyendo &quot;Fabricaci\u00f3n&quot;\" \/>\n<meta property=\"og:url\" content=\"https:\/\/mac-group.com.mx\/index.php\/acerca-de\/\" \/>\n<meta property=\"og:site_name\" content=\"MAC-group\" \/>\n<meta property=\"article:modified_time\" content=\"2023-09-18T14:49:23+00:00\" \/>\n<meta property=\"og:image\" content=\"https:\/\/mac-group.com.mx\/wp-content\/uploads\/2023\/09\/IMG-20200131-WA0040.jpg\" \/>\n\t<meta property=\"og:image:width\" content=\"1280\" \/>\n\t<meta property=\"og:image:height\" content=\"721\" \/>\n\t<meta property=\"og:image:type\" content=\"image\/jpeg\" \/>\n<meta name=\"twitter:card\" content=\"summary_large_image\" \/>\n<meta name=\"twitter:label1\" content=\"Tiempo de lectura\" \/>\n\t<meta name=\"twitter:data1\" content=\"1 minuto\" \/>\n<script type=\"application\/ld+json\" class=\"yoast-schema-graph\">{\"@context\":\"https:\/\/schema.org\",\"@graph\":[{\"@type\":\"WebPage\",\"@id\":\"https:\/\/mac-group.com.mx\/index.php\/acerca-de\/\",\"url\":\"https:\/\/mac-group.com.mx\/index.php\/acerca-de\/\",\"name\":\"Fabricaci\u00f3n - MAC-group\",\"isPartOf\":{\"@id\":\"https:\/\/mac-group.com.mx\/#website\"},\"datePublished\":\"2023-09-16T15:09:19+00:00\",\"dateModified\":\"2023-09-18T14:49:23+00:00\",\"breadcrumb\":{\"@id\":\"https:\/\/mac-group.com.mx\/index.php\/acerca-de\/#breadcrumb\"},\"inLanguage\":\"es\",\"potentialAction\":[{\"@type\":\"ReadAction\",\"target\":[\"https:\/\/mac-group.com.mx\/index.php\/acerca-de\/\"]}]},{\"@type\":\"BreadcrumbList\",\"@id\":\"https:\/\/mac-group.com.mx\/index.php\/acerca-de\/#breadcrumb\",\"itemListElement\":[{\"@type\":\"ListItem\",\"position\":1,\"name\":\"Inicio\",\"item\":\"https:\/\/mac-group.com.mx\/\"},{\"@type\":\"ListItem\",\"position\":2,\"name\":\"Fabricaci\u00f3n\"}]},{\"@type\":\"WebSite\",\"@id\":\"https:\/\/mac-group.com.mx\/#website\",\"url\":\"https:\/\/mac-group.com.mx\/\",\"name\":\"MAC-group\",\"description\":\"FABRICACI\u00d3N Y CONSTRUCCI\u00d3N\",\"publisher\":{\"@id\":\"https:\/\/mac-group.com.mx\/#organization\"},\"potentialAction\":[{\"@type\":\"SearchAction\",\"target\":{\"@type\":\"EntryPoint\",\"urlTemplate\":\"https:\/\/mac-group.com.mx\/?s={search_term_string}\"},\"query-input\":\"required name=search_term_string\"}],\"inLanguage\":\"es\"},{\"@type\":\"Organization\",\"@id\":\"https:\/\/mac-group.com.mx\/#organization\",\"name\":\"MAC-group\",\"url\":\"https:\/\/mac-group.com.mx\/\",\"logo\":{\"@type\":\"ImageObject\",\"inLanguage\":\"es\",\"@id\":\"https:\/\/mac-group.com.mx\/#\/schema\/logo\/image\/\",\"url\":\"https:\/\/mac-group.com.mx\/wp-content\/uploads\/2023\/09\/cropped-icono.png\",\"contentUrl\":\"https:\/\/mac-group.com.mx\/wp-content\/uploads\/2023\/09\/cropped-icono.png\",\"width\":476,\"height\":250,\"caption\":\"MAC-group\"},\"image\":{\"@id\":\"https:\/\/mac-group.com.mx\/#\/schema\/logo\/image\/\"}}]}<\/script>\n<!-- \/ Yoast SEO plugin. -->","yoast_head_json":{"title":"Fabricaci\u00f3n - MAC-group","robots":{"index":"index","follow":"follow","max-snippet":"max-snippet:-1","max-image-preview":"max-image-preview:large","max-video-preview":"max-video-preview:-1"},"canonical":"https:\/\/mac-group.com.mx\/index.php\/acerca-de\/","og_locale":"es_MX","og_type":"article","og_title":"Fabricaci\u00f3n - MAC-group","og_description":"Nuestra experiencia nos permite apoyarte en el desarrollo de tus proyectos, que inicia desde la realizaci\u00f3n de dibujos de fabricaci\u00f3n, la selecci\u00f3n de equipos y materiales, manufactura, puesta en marcha y supervisi\u00f3n del equipo. Realizamos montajes mec\u00e1nicos de estructuras, acabados superficiales, sistemas hidr\u00e1ulicos y neum\u00e1ticos. Nuestro equipo cuanta con la capacidad de realizar montajes el\u00e9ctricos &hellip; Continuar leyendo \"Fabricaci\u00f3n\"","og_url":"https:\/\/mac-group.com.mx\/index.php\/acerca-de\/","og_site_name":"MAC-group","article_modified_time":"2023-09-18T14:49:23+00:00","og_image":[{"width":1280,"height":721,"url":"https:\/\/mac-group.com.mx\/wp-content\/uploads\/2023\/09\/IMG-20200131-WA0040.jpg","type":"image\/jpeg"}],"twitter_card":"summary_large_image","twitter_misc":{"Tiempo de lectura":"1 minuto"},"schema":{"@context":"https:\/\/schema.org","@graph":[{"@type":"WebPage","@id":"https:\/\/mac-group.com.mx\/index.php\/acerca-de\/","url":"https:\/\/mac-group.com.mx\/index.php\/acerca-de\/","name":"Fabricaci\u00f3n - MAC-group","isPartOf":{"@id":"https:\/\/mac-group.com.mx\/#website"},"datePublished":"2023-09-16T15:09:19+00:00","dateModified":"2023-09-18T14:49:23+00:00","breadcrumb":{"@id":"https:\/\/mac-group.com.mx\/index.php\/acerca-de\/#breadcrumb"},"inLanguage":"es","potentialAction":[{"@type":"ReadAction","target":["https:\/\/mac-group.com.mx\/index.php\/acerca-de\/"]}]},{"@type":"BreadcrumbList","@id":"https:\/\/mac-group.com.mx\/index.php\/acerca-de\/#breadcrumb","itemListElement":[{"@type":"ListItem","position":1,"name":"Inicio","item":"https:\/\/mac-group.com.mx\/"},{"@type":"ListItem","position":2,"name":"Fabricaci\u00f3n"}]},{"@type":"WebSite","@id":"https:\/\/mac-group.com.mx\/#website","url":"https:\/\/mac-group.com.mx\/","name":"MAC-group","description":"FABRICACI\u00d3N Y CONSTRUCCI\u00d3N","publisher":{"@id":"https:\/\/mac-group.com.mx\/#organization"},"potentialAction":[{"@type":"SearchAction","target":{"@type":"EntryPoint","urlTemplate":"https:\/\/mac-group.com.mx\/?s={search_term_string}"},"query-input":"required name=search_term_string"}],"inLanguage":"es"},{"@type":"Organization","@id":"https:\/\/mac-group.com.mx\/#organization","name":"MAC-group","url":"https:\/\/mac-group.com.mx\/","logo":{"@type":"ImageObject","inLanguage":"es","@id":"https:\/\/mac-group.com.mx\/#\/schema\/logo\/image\/","url":"https:\/\/mac-group.com.mx\/wp-content\/uploads\/2023\/09\/cropped-icono.png","contentUrl":"https:\/\/mac-group.com.mx\/wp-content\/uploads\/2023\/09\/cropped-icono.png","width":476,"height":250,"caption":"MAC-group"},"image":{"@id":"https:\/\/mac-group.com.mx\/#\/schema\/logo\/image\/"}}]}},"_links":{"self":[{"href":"https:\/\/mac-group.com.mx\/index.php\/wp-json\/wp\/v2\/pages\/20","targetHints":{"allow":["GET"]}}],"collection":[{"href":"https:\/\/mac-group.com.mx\/index.php\/wp-json\/wp\/v2\/pages"}],"about":[{"href":"https:\/\/mac-group.com.mx\/index.php\/wp-json\/wp\/v2\/types\/page"}],"author":[{"embeddable":true,"href":"https:\/\/mac-group.com.mx\/index.php\/wp-json\/wp\/v2\/users\/1"}],"replies":[{"embeddable":true,"href":"https:\/\/mac-group.com.mx\/index.php\/wp-json\/wp\/v2\/comments?post=20"}],"version-history":[{"count":9,"href":"https:\/\/mac-group.com.mx\/index.php\/wp-json\/wp\/v2\/pages\/20\/revisions"}],"predecessor-version":[{"id":84,"href":"https:\/\/mac-group.com.mx\/index.php\/wp-json\/wp\/v2\/pages\/20\/revisions\/84"}],"wp:featuredmedia":[{"embeddable":true,"href":"https:\/\/mac-group.com.mx\/index.php\/wp-json\/wp\/v2\/media\/77"}],"wp:attachment":[{"href":"https:\/\/mac-group.com.mx\/index.php\/wp-json\/wp\/v2\/media?parent=20"}],"curies":[{"name":"wp","href":"https:\/\/api.w.org\/{rel}","templated":true}]}}