{"id":143,"date":"2023-09-18T05:20:41","date_gmt":"2023-09-18T05:20:41","guid":{"rendered":"https:\/\/mac-group.com.mx\/?page_id=143"},"modified":"2023-09-19T05:38:19","modified_gmt":"2023-09-19T05:38:19","slug":"construccion","status":"publish","type":"page","link":"https:\/\/mac-group.com.mx\/index.php\/construccion\/","title":{"rendered":"Construcci\u00f3n"},"content":{"rendered":"\t\t<div data-elementor-type=\"wp-page\" data-elementor-id=\"143\" class=\"elementor elementor-143\">\n\t\t\t\t\t\t\t<div class=\"elementor-element elementor-element-f10506d e-flex e-con-boxed e-con e-parent\" data-id=\"f10506d\" data-element_type=\"container\" data-settings=\"{&quot;content_width&quot;:&quot;boxed&quot;}\" data-core-v316-plus=\"true\">\n\t\t\t\t\t<div class=\"e-con-inner\">\n\t\t\t\t<div class=\"elementor-element elementor-element-be450ab elementor-widget elementor-widget-text-editor\" data-id=\"be450ab\" data-element_type=\"widget\" data-widget_type=\"text-editor.default\">\n\t\t\t\t<div class=\"elementor-widget-container\">\n\t\t\t<style>\/*! elementor - v3.16.0 - 14-09-2023 *\/\n.elementor-widget-text-editor.elementor-drop-cap-view-stacked .elementor-drop-cap{background-color:#69727d;color:#fff}.elementor-widget-text-editor.elementor-drop-cap-view-framed .elementor-drop-cap{color:#69727d;border:3px solid;background-color:transparent}.elementor-widget-text-editor:not(.elementor-drop-cap-view-default) .elementor-drop-cap{margin-top:8px}.elementor-widget-text-editor:not(.elementor-drop-cap-view-default) .elementor-drop-cap-letter{width:1em;height:1em}.elementor-widget-text-editor .elementor-drop-cap{float:left;text-align:center;line-height:1;font-size:50px}.elementor-widget-text-editor .elementor-drop-cap-letter{display:inline-block}<\/style>\t\t\t\t<p><span style=\"color: var( --e-global-color-text ); font-family: var( --e-global-typography-text-font-family ), Sans-serif; font-weight: var( --e-global-typography-text-font-weight ); text-align: var(--text-align); font-size: 1rem;\">Somos una empresa dedicada a ejecutar proyectos del sector residencial e industrial, siempre garantizando la calidad de nuestros servicios, cumpliendo en tiempo y calidad.<\/span><\/p>\n<!-- \/wp:paragraph --><!-- wp:paragraph -->\n<p>Nuestras actividades de construcci\u00f3n y mantenimiento incluyen:<\/p>\n<!-- \/wp:paragraph --><!-- wp:list -->\n<ul><!-- wp:list-item -->\n<li>HERRER\u00cdA<\/li>\n<!-- \/wp:list-item --><!-- wp:list-item -->\n<li>PLOMER\u00cdA<\/li>\n<!-- \/wp:list-item --><!-- wp:list-item -->\n<li>TABLAROCA<\/li>\n<!-- \/wp:list-item --><!-- wp:list-item -->\n<li>VIDRIO Y ALUMINIO<\/li>\n<!-- \/wp:list-item --><!-- wp:list-item -->\n<li>INSTALACIONES EL\u00c9CTRICAS<\/li>\n<!-- \/wp:list-item --><!-- wp:list-item -->\n<li>CARPINTER\u00cdA<\/li>\n<!-- \/wp:list-item --><!-- wp:list-item -->\n<li>ACABADOS FINOS<\/li>\n<!-- \/wp:list-item --><\/ul>\n<!-- \/wp:list --><!-- wp:paragraph -->\n<p>Cuentanos tu idea y con gusto te apoyaremos!<\/p>\t\t\t\t\t\t<\/div>\n\t\t\t\t<\/div>\n\t\t\t\t\t<\/div>\n\t\t\t\t<\/div>\n\t\t<div class=\"elementor-element elementor-element-53db3c3 e-flex e-con-boxed e-con e-parent\" data-id=\"53db3c3\" data-element_type=\"container\" data-settings=\"{&quot;content_width&quot;:&quot;boxed&quot;}\" data-core-v316-plus=\"true\">\n\t\t\t\t\t<div class=\"e-con-inner\">\n\t\t\t\t<div class=\"elementor-element elementor-element-a20bbc3 elementor-arrows-position-inside elementor-pagination-position-outside elementor-widget elementor-widget-image-carousel\" data-id=\"a20bbc3\" data-element_type=\"widget\" data-settings=\"{&quot;navigation&quot;:&quot;both&quot;,&quot;autoplay&quot;:&quot;yes&quot;,&quot;pause_on_hover&quot;:&quot;yes&quot;,&quot;pause_on_interaction&quot;:&quot;yes&quot;,&quot;autoplay_speed&quot;:5000,&quot;infinite&quot;:&quot;yes&quot;,&quot;speed&quot;:500}\" data-widget_type=\"image-carousel.default\">\n\t\t\t\t<div class=\"elementor-widget-container\">\n\t\t\t<style>\/*! elementor - v3.16.0 - 14-09-2023 *\/\n.elementor-widget-image-carousel .swiper,.elementor-widget-image-carousel .swiper-container{position:static}.elementor-widget-image-carousel .swiper-container .swiper-slide figure,.elementor-widget-image-carousel .swiper .swiper-slide figure{line-height:inherit}.elementor-widget-image-carousel .swiper-slide{text-align:center}.elementor-image-carousel-wrapper:not(.swiper-container-initialized):not(.swiper-initialized) .swiper-slide{max-width:calc(100% \/ var(--e-image-carousel-slides-to-show, 3))}<\/style>\t\t<div class=\"elementor-image-carousel-wrapper swiper\" dir=\"ltr\">\n\t\t\t<div class=\"elementor-image-carousel swiper-wrapper\" aria-live=\"off\">\n\t\t\t\t\t\t\t\t<div class=\"swiper-slide\" role=\"group\" aria-roledescription=\"slide\" aria-label=\"1 of 18\"><figure class=\"swiper-slide-inner\"><img decoding=\"async\" class=\"swiper-slide-image\" src=\"https:\/\/mac-group.com.mx\/wp-content\/uploads\/2023\/09\/IMG_20210401_183800-scaled.jpg\" alt=\"IMG_20210401_183800\" \/><\/figure><\/div><div class=\"swiper-slide\" role=\"group\" aria-roledescription=\"slide\" aria-label=\"2 of 18\"><figure class=\"swiper-slide-inner\"><img decoding=\"async\" class=\"swiper-slide-image\" src=\"https:\/\/mac-group.com.mx\/wp-content\/uploads\/2023\/09\/IMG_20210401_183518-150x150.jpg\" alt=\"IMG_20210401_183518\" \/><\/figure><\/div><div class=\"swiper-slide\" role=\"group\" aria-roledescription=\"slide\" aria-label=\"3 of 18\"><figure class=\"swiper-slide-inner\"><img decoding=\"async\" class=\"swiper-slide-image\" src=\"https:\/\/mac-group.com.mx\/wp-content\/uploads\/2023\/09\/IMG_20210912_161645.jpg\" alt=\"IMG_20210912_161645\" \/><\/figure><\/div><div class=\"swiper-slide\" role=\"group\" aria-roledescription=\"slide\" aria-label=\"4 of 18\"><figure class=\"swiper-slide-inner\"><img decoding=\"async\" class=\"swiper-slide-image\" src=\"https:\/\/mac-group.com.mx\/wp-content\/uploads\/2023\/09\/IMG-20200131-WA0040-1-150x150.jpg\" alt=\"IMG-20200131-WA0040-1\" \/><\/figure><\/div><div class=\"swiper-slide\" role=\"group\" aria-roledescription=\"slide\" aria-label=\"5 of 18\"><figure class=\"swiper-slide-inner\"><img decoding=\"async\" class=\"swiper-slide-image\" src=\"https:\/\/mac-group.com.mx\/wp-content\/uploads\/2023\/09\/IMG-20200131-WA0046-150x150.jpg\" alt=\"IMG-20200131-WA0046\" \/><\/figure><\/div><div class=\"swiper-slide\" role=\"group\" aria-roledescription=\"slide\" aria-label=\"6 of 18\"><figure class=\"swiper-slide-inner\"><img decoding=\"async\" class=\"swiper-slide-image\" src=\"https:\/\/mac-group.com.mx\/wp-content\/uploads\/2023\/09\/IMG_20211021_115035-150x150.jpg\" alt=\"IMG_20211021_115035\" \/><\/figure><\/div><div class=\"swiper-slide\" role=\"group\" aria-roledescription=\"slide\" aria-label=\"7 of 18\"><figure class=\"swiper-slide-inner\"><img decoding=\"async\" class=\"swiper-slide-image\" src=\"https:\/\/mac-group.com.mx\/wp-content\/uploads\/2023\/09\/IMG_20211027_175512-150x150.jpg\" alt=\"IMG_20211027_175512\" \/><\/figure><\/div><div class=\"swiper-slide\" role=\"group\" aria-roledescription=\"slide\" aria-label=\"8 of 18\"><figure class=\"swiper-slide-inner\"><img decoding=\"async\" class=\"swiper-slide-image\" src=\"https:\/\/mac-group.com.mx\/wp-content\/uploads\/2023\/09\/IMG_20211026_185812-150x150.jpg\" alt=\"IMG_20211026_185812\" \/><\/figure><\/div><div class=\"swiper-slide\" role=\"group\" aria-roledescription=\"slide\" aria-label=\"9 of 18\"><figure class=\"swiper-slide-inner\"><img decoding=\"async\" class=\"swiper-slide-image\" src=\"https:\/\/mac-group.com.mx\/wp-content\/uploads\/2023\/09\/IMG_20211103_210142-150x150.jpg\" alt=\"IMG_20211103_210142\" \/><\/figure><\/div><div class=\"swiper-slide\" role=\"group\" aria-roledescription=\"slide\" aria-label=\"10 of 18\"><figure class=\"swiper-slide-inner\"><img decoding=\"async\" class=\"swiper-slide-image\" src=\"https:\/\/mac-group.com.mx\/wp-content\/uploads\/2023\/09\/IMG_20211008_181400-150x150.jpg\" alt=\"IMG_20211008_181400\" \/><\/figure><\/div><div class=\"swiper-slide\" role=\"group\" aria-roledescription=\"slide\" aria-label=\"11 of 18\"><figure class=\"swiper-slide-inner\"><img decoding=\"async\" class=\"swiper-slide-image\" src=\"https:\/\/mac-group.com.mx\/wp-content\/uploads\/2023\/09\/Imagen10-1-150x150.jpg\" alt=\"Imagen10\" \/><\/figure><\/div><div class=\"swiper-slide\" role=\"group\" aria-roledescription=\"slide\" aria-label=\"12 of 18\"><figure class=\"swiper-slide-inner\"><img decoding=\"async\" class=\"swiper-slide-image\" src=\"https:\/\/mac-group.com.mx\/wp-content\/uploads\/2023\/09\/Imagen9-1-150x150.jpg\" alt=\"Imagen9\" \/><\/figure><\/div><div class=\"swiper-slide\" role=\"group\" aria-roledescription=\"slide\" aria-label=\"13 of 18\"><figure class=\"swiper-slide-inner\"><img decoding=\"async\" class=\"swiper-slide-image\" src=\"https:\/\/mac-group.com.mx\/wp-content\/uploads\/2023\/09\/Imagen6-1-150x150.png\" alt=\"Imagen6\" \/><\/figure><\/div><div class=\"swiper-slide\" role=\"group\" aria-roledescription=\"slide\" aria-label=\"14 of 18\"><figure class=\"swiper-slide-inner\"><img decoding=\"async\" class=\"swiper-slide-image\" src=\"https:\/\/mac-group.com.mx\/wp-content\/uploads\/2023\/09\/Imagen1-1-150x150.png\" alt=\"Imagen1\" \/><\/figure><\/div><div class=\"swiper-slide\" role=\"group\" aria-roledescription=\"slide\" aria-label=\"15 of 18\"><figure class=\"swiper-slide-inner\"><img decoding=\"async\" class=\"swiper-slide-image\" src=\"https:\/\/mac-group.com.mx\/wp-content\/uploads\/2023\/09\/Imagen4-1-150x150.jpg\" alt=\"Imagen4\" \/><\/figure><\/div><div class=\"swiper-slide\" role=\"group\" aria-roledescription=\"slide\" aria-label=\"16 of 18\"><figure class=\"swiper-slide-inner\"><img decoding=\"async\" class=\"swiper-slide-image\" src=\"https:\/\/mac-group.com.mx\/wp-content\/uploads\/2023\/09\/Imagen5-1-150x150.jpg\" alt=\"Imagen5\" \/><\/figure><\/div><div class=\"swiper-slide\" role=\"group\" aria-roledescription=\"slide\" aria-label=\"17 of 18\"><figure class=\"swiper-slide-inner\"><img decoding=\"async\" class=\"swiper-slide-image\" src=\"https:\/\/mac-group.com.mx\/wp-content\/uploads\/2023\/09\/IMG_20201119_160846-150x150.jpg\" alt=\"IMG_20201119_160846\" \/><\/figure><\/div><div class=\"swiper-slide\" role=\"group\" aria-roledescription=\"slide\" aria-label=\"18 of 18\"><figure class=\"swiper-slide-inner\"><img decoding=\"async\" class=\"swiper-slide-image\" src=\"https:\/\/mac-group.com.mx\/wp-content\/uploads\/2023\/09\/Imagen1-150x150.png\" alt=\"Imagen1\" \/><\/figure><\/div>\t\t\t<\/div>\n\t\t\t\t\t\t\t\t\t\t\t\t<div class=\"elementor-swiper-button elementor-swiper-button-prev\" role=\"button\" tabindex=\"0\">\n\t\t\t\t\t\t<i aria-hidden=\"true\" class=\"eicon-chevron-left\"><\/i>\t\t\t\t\t<\/div>\n\t\t\t\t\t<div class=\"elementor-swiper-button elementor-swiper-button-next\" role=\"button\" tabindex=\"0\">\n\t\t\t\t\t\t<i aria-hidden=\"true\" class=\"eicon-chevron-right\"><\/i>\t\t\t\t\t<\/div>\n\t\t\t\t\n\t\t\t\t\t\t\t\t\t<div class=\"swiper-pagination\"><\/div>\n\t\t\t\t\t\t\t\t\t<\/div>\n\t\t\t\t<\/div>\n\t\t\t\t<\/div>\n\t\t\t\t\t<\/div>\n\t\t\t\t<\/div>\n\t\t\t\t\t\t\t<\/div>\n\t\t","protected":false},"excerpt":{"rendered":"<p>Somos una empresa dedicada a ejecutar proyectos del sector residencial e industrial, siempre garantizando la calidad de nuestros servicios, cumpliendo en tiempo y calidad. Nuestras actividades de construcci\u00f3n y mantenimiento incluyen: HERRER\u00cdA PLOMER\u00cdA TABLAROCA VIDRIO Y ALUMINIO INSTALACIONES EL\u00c9CTRICAS CARPINTER\u00cdA ACABADOS FINOS Cuentanos tu idea y con gusto te apoyaremos!<\/p>\n","protected":false},"author":1,"featured_media":0,"parent":0,"menu_order":0,"comment_status":"closed","ping_status":"closed","template":"","meta":{"footnotes":""},"class_list":["post-143","page","type-page","status-publish","hentry"],"yoast_head":"<!-- This site is optimized with the Yoast SEO plugin v21.1 - https:\/\/yoast.com\/wordpress\/plugins\/seo\/ -->\n<title>Construcci\u00f3n - MAC-group<\/title>\n<meta name=\"robots\" content=\"index, follow, max-snippet:-1, max-image-preview:large, max-video-preview:-1\" \/>\n<link rel=\"canonical\" href=\"https:\/\/mac-group.com.mx\/index.php\/construccion\/\" \/>\n<meta property=\"og:locale\" content=\"es_MX\" \/>\n<meta property=\"og:type\" content=\"article\" \/>\n<meta property=\"og:title\" content=\"Construcci\u00f3n - MAC-group\" \/>\n<meta property=\"og:description\" content=\"Somos una empresa dedicada a ejecutar proyectos del sector residencial e industrial, siempre garantizando la calidad de nuestros servicios, cumpliendo en tiempo y calidad. Nuestras actividades de construcci\u00f3n y mantenimiento incluyen: HERRER\u00cdA PLOMER\u00cdA TABLAROCA VIDRIO Y ALUMINIO INSTALACIONES EL\u00c9CTRICAS CARPINTER\u00cdA ACABADOS FINOS Cuentanos tu idea y con gusto te apoyaremos!\" \/>\n<meta property=\"og:url\" content=\"https:\/\/mac-group.com.mx\/index.php\/construccion\/\" \/>\n<meta property=\"og:site_name\" content=\"MAC-group\" \/>\n<meta property=\"article:modified_time\" content=\"2023-09-19T05:38:19+00:00\" \/>\n<meta property=\"og:image\" content=\"https:\/\/mac-group.com.mx\/wp-content\/uploads\/2023\/09\/IMG_20210401_183800-scaled.jpg\" \/>\n<meta name=\"twitter:card\" content=\"summary_large_image\" \/>\n<meta name=\"twitter:label1\" content=\"Tiempo de lectura\" \/>\n\t<meta name=\"twitter:data1\" content=\"4 minutos\" \/>\n<script type=\"application\/ld+json\" class=\"yoast-schema-graph\">{\"@context\":\"https:\/\/schema.org\",\"@graph\":[{\"@type\":\"WebPage\",\"@id\":\"https:\/\/mac-group.com.mx\/index.php\/construccion\/\",\"url\":\"https:\/\/mac-group.com.mx\/index.php\/construccion\/\",\"name\":\"Construcci\u00f3n - MAC-group\",\"isPartOf\":{\"@id\":\"https:\/\/mac-group.com.mx\/#website\"},\"datePublished\":\"2023-09-18T05:20:41+00:00\",\"dateModified\":\"2023-09-19T05:38:19+00:00\",\"breadcrumb\":{\"@id\":\"https:\/\/mac-group.com.mx\/index.php\/construccion\/#breadcrumb\"},\"inLanguage\":\"es\",\"potentialAction\":[{\"@type\":\"ReadAction\",\"target\":[\"https:\/\/mac-group.com.mx\/index.php\/construccion\/\"]}]},{\"@type\":\"BreadcrumbList\",\"@id\":\"https:\/\/mac-group.com.mx\/index.php\/construccion\/#breadcrumb\",\"itemListElement\":[{\"@type\":\"ListItem\",\"position\":1,\"name\":\"Inicio\",\"item\":\"https:\/\/mac-group.com.mx\/\"},{\"@type\":\"ListItem\",\"position\":2,\"name\":\"Construcci\u00f3n\"}]},{\"@type\":\"WebSite\",\"@id\":\"https:\/\/mac-group.com.mx\/#website\",\"url\":\"https:\/\/mac-group.com.mx\/\",\"name\":\"MAC-group\",\"description\":\"FABRICACI\u00d3N Y CONSTRUCCI\u00d3N\",\"publisher\":{\"@id\":\"https:\/\/mac-group.com.mx\/#organization\"},\"potentialAction\":[{\"@type\":\"SearchAction\",\"target\":{\"@type\":\"EntryPoint\",\"urlTemplate\":\"https:\/\/mac-group.com.mx\/?s={search_term_string}\"},\"query-input\":\"required name=search_term_string\"}],\"inLanguage\":\"es\"},{\"@type\":\"Organization\",\"@id\":\"https:\/\/mac-group.com.mx\/#organization\",\"name\":\"MAC-group\",\"url\":\"https:\/\/mac-group.com.mx\/\",\"logo\":{\"@type\":\"ImageObject\",\"inLanguage\":\"es\",\"@id\":\"https:\/\/mac-group.com.mx\/#\/schema\/logo\/image\/\",\"url\":\"https:\/\/mac-group.com.mx\/wp-content\/uploads\/2023\/09\/cropped-icono.png\",\"contentUrl\":\"https:\/\/mac-group.com.mx\/wp-content\/uploads\/2023\/09\/cropped-icono.png\",\"width\":476,\"height\":250,\"caption\":\"MAC-group\"},\"image\":{\"@id\":\"https:\/\/mac-group.com.mx\/#\/schema\/logo\/image\/\"}}]}<\/script>\n<!-- \/ Yoast SEO plugin. -->","yoast_head_json":{"title":"Construcci\u00f3n - MAC-group","robots":{"index":"index","follow":"follow","max-snippet":"max-snippet:-1","max-image-preview":"max-image-preview:large","max-video-preview":"max-video-preview:-1"},"canonical":"https:\/\/mac-group.com.mx\/index.php\/construccion\/","og_locale":"es_MX","og_type":"article","og_title":"Construcci\u00f3n - MAC-group","og_description":"Somos una empresa dedicada a ejecutar proyectos del sector residencial e industrial, siempre garantizando la calidad de nuestros servicios, cumpliendo en tiempo y calidad. Nuestras actividades de construcci\u00f3n y mantenimiento incluyen: HERRER\u00cdA PLOMER\u00cdA TABLAROCA VIDRIO Y ALUMINIO INSTALACIONES EL\u00c9CTRICAS CARPINTER\u00cdA ACABADOS FINOS Cuentanos tu idea y con gusto te apoyaremos!","og_url":"https:\/\/mac-group.com.mx\/index.php\/construccion\/","og_site_name":"MAC-group","article_modified_time":"2023-09-19T05:38:19+00:00","og_image":[{"url":"https:\/\/mac-group.com.mx\/wp-content\/uploads\/2023\/09\/IMG_20210401_183800-scaled.jpg"}],"twitter_card":"summary_large_image","twitter_misc":{"Tiempo de lectura":"4 minutos"},"schema":{"@context":"https:\/\/schema.org","@graph":[{"@type":"WebPage","@id":"https:\/\/mac-group.com.mx\/index.php\/construccion\/","url":"https:\/\/mac-group.com.mx\/index.php\/construccion\/","name":"Construcci\u00f3n - MAC-group","isPartOf":{"@id":"https:\/\/mac-group.com.mx\/#website"},"datePublished":"2023-09-18T05:20:41+00:00","dateModified":"2023-09-19T05:38:19+00:00","breadcrumb":{"@id":"https:\/\/mac-group.com.mx\/index.php\/construccion\/#breadcrumb"},"inLanguage":"es","potentialAction":[{"@type":"ReadAction","target":["https:\/\/mac-group.com.mx\/index.php\/construccion\/"]}]},{"@type":"BreadcrumbList","@id":"https:\/\/mac-group.com.mx\/index.php\/construccion\/#breadcrumb","itemListElement":[{"@type":"ListItem","position":1,"name":"Inicio","item":"https:\/\/mac-group.com.mx\/"},{"@type":"ListItem","position":2,"name":"Construcci\u00f3n"}]},{"@type":"WebSite","@id":"https:\/\/mac-group.com.mx\/#website","url":"https:\/\/mac-group.com.mx\/","name":"MAC-group","description":"FABRICACI\u00d3N Y CONSTRUCCI\u00d3N","publisher":{"@id":"https:\/\/mac-group.com.mx\/#organization"},"potentialAction":[{"@type":"SearchAction","target":{"@type":"EntryPoint","urlTemplate":"https:\/\/mac-group.com.mx\/?s={search_term_string}"},"query-input":"required name=search_term_string"}],"inLanguage":"es"},{"@type":"Organization","@id":"https:\/\/mac-group.com.mx\/#organization","name":"MAC-group","url":"https:\/\/mac-group.com.mx\/","logo":{"@type":"ImageObject","inLanguage":"es","@id":"https:\/\/mac-group.com.mx\/#\/schema\/logo\/image\/","url":"https:\/\/mac-group.com.mx\/wp-content\/uploads\/2023\/09\/cropped-icono.png","contentUrl":"https:\/\/mac-group.com.mx\/wp-content\/uploads\/2023\/09\/cropped-icono.png","width":476,"height":250,"caption":"MAC-group"},"image":{"@id":"https:\/\/mac-group.com.mx\/#\/schema\/logo\/image\/"}}]}},"_links":{"self":[{"href":"https:\/\/mac-group.com.mx\/index.php\/wp-json\/wp\/v2\/pages\/143","targetHints":{"allow":["GET"]}}],"collection":[{"href":"https:\/\/mac-group.com.mx\/index.php\/wp-json\/wp\/v2\/pages"}],"about":[{"href":"https:\/\/mac-group.com.mx\/index.php\/wp-json\/wp\/v2\/types\/page"}],"author":[{"embeddable":true,"href":"https:\/\/mac-group.com.mx\/index.php\/wp-json\/wp\/v2\/users\/1"}],"replies":[{"embeddable":true,"href":"https:\/\/mac-group.com.mx\/index.php\/wp-json\/wp\/v2\/comments?post=143"}],"version-history":[{"count":4,"href":"https:\/\/mac-group.com.mx\/index.php\/wp-json\/wp\/v2\/pages\/143\/revisions"}],"predecessor-version":[{"id":148,"href":"https:\/\/mac-group.com.mx\/index.php\/wp-json\/wp\/v2\/pages\/143\/revisions\/148"}],"wp:attachment":[{"href":"https:\/\/mac-group.com.mx\/index.php\/wp-json\/wp\/v2\/media?parent=143"}],"curies":[{"name":"wp","href":"https:\/\/api.w.org\/{rel}","templated":true}]}}